{"id":37,"date":"2019-11-24T10:01:21","date_gmt":"2019-11-24T09:01:21","guid":{"rendered":"http:\/\/vaspero.cluster024.hosting.ovh.net\/?page_id=37"},"modified":"2020-09-01T18:05:57","modified_gmt":"2020-09-01T16:05:57","slug":"contact","status":"publish","type":"page","link":"https:\/\/vasperviller.fr\/index.php\/contact\/","title":{"rendered":"Contact"},"content":{"rendered":"\n<p><strong>Vasperviller<\/strong>&nbsp;est un petit village fran\u00e7ais, situ\u00e9 dans&nbsp;<a href=\"https:\/\/www.annuaire-mairie.fr\/departement-moselle.html\">le d\u00e9partement de la Moselle<\/a>&nbsp;et&nbsp;<a href=\"https:\/\/www.annuaire-mairie.fr\/region-grand-est.html\">la r\u00e9gion du Grand Est<\/a>&nbsp;(anciennement R\u00e9gion Lorraine).<br>La commune s&rsquo;\u00e9tend sur 1,5 km\u00b2 et compte 317 habitants depuis le dernier recensement de la population datant de 2005. Avec une densit\u00e9 de 205,8 habitants par km\u00b2, Vasperviller a connu une nette hausse de 12,8% de sa population par rapport \u00e0 1999.<br>Entour\u00e9 par les communes de&nbsp;<a href=\"https:\/\/www.annuaire-mairie.fr\/mairie-abreschviller.html\">Abreschviller<\/a>,&nbsp;<a href=\"https:\/\/www.annuaire-mairie.fr\/mairie-saint-quirin.html\">Saint-Quirin<\/a>&nbsp;et&nbsp;<a href=\"https:\/\/www.annuaire-mairie.fr\/mairie-metairies-saint-quirin.html\">M\u00e9tairies-Saint-Quirin<\/a>, Vasperviller est situ\u00e9 \u00e0 2 km au sud-ouest d&rsquo;<a href=\"https:\/\/www.annuaire-mairie.fr\/mairie-abreschviller.html\">Abreschviller<\/a>&nbsp;la plus grande ville des environs.<br>Situ\u00e9 \u00e0 334 m\u00e8tres d&rsquo;altitude, la&nbsp;<a href=\"https:\/\/www.annuaire-mairie.fr\/riviere-la-sarre-rouge.html\">Rivi\u00e8re La Sarre Rouge<\/a>, le&nbsp;<a href=\"https:\/\/www.annuaire-mairie.fr\/ruisseau-de-st-quirin.html\">Ruisseau de St-Quirin<\/a>&nbsp;sont les principaux cours d&rsquo;eau qui traversent la commune de Vasperviller.<br>La commune est proche du&nbsp;<a href=\"https:\/\/www.annuaire-mairie.fr\/parc-naturel-regional-des-vosges-du-nord.html\">parc naturel r\u00e9gional des Vosges du Nord<\/a>.<br>Le maire de Vasperviller se nomme Monsieur Pascal ROHMER.<br>La commune de Vasperviller fait partie de la&nbsp;<strong><a href=\"https:\/\/www.annuaire-mairie.fr\/communaute-communes-sarrebourg-moselle-sud.html\">Communaut\u00e9 de communes Sarrebourg &#8211; Moselle Sud<\/a><\/strong>.<\/p>\n\n\n\n<p>Pour toutes vos d\u00e9marches administratives, vous pouvez vous rendre \u00e0 la mairie de Vasperviller situ\u00e9e au 6 Rue de l&rsquo;\u00c9cole aux horaires d&rsquo;ouverture indiqu\u00e9s sur cette page. Vous pouvez aussi contacter la mairie par t\u00e9l\u00e9phone ou par courrier \u00e9lectronique en utilisant l&rsquo;adresse e-mail de la mairie indiqu\u00e9e ci-dessous.\n\n<\/p>\n\n\n\n<p><br><strong>Adresse postale de la mairie :<\/strong><br>6 rue de l&rsquo;\u00c9cole, 57560 VASPERVILLER<\/p>\n\n\n\n<p><strong>Horaires d&rsquo;ouverture de la mairie :<\/strong><br>Le Mardi : de 13h00  \u00e0 18h30<\/p>\n\n\n\n<p>Le Vendredi : de 09h00 \u00e0 12h00 et de 13h00 \u00e0 18h30<\/p>\n\n\n\n<p><strong>Permanence t\u00e9l\u00e9phonique :<\/strong><br>Le mardi de 09h00 \u00e0 12h00<\/p>\n\n\n\n<p>Vous pouvez&nbsp;<strong>t\u00e9l\u00e9phoner \u00e0 la mairie de Vasperviller<\/strong>&nbsp;aux horaires d&rsquo;ouverture indiqu\u00e9s ci-dessus<\/p>\n\n\n\n<p><strong>Renseignements t\u00e9l\u00e9phoniques :<\/strong><br><strong>Fax<\/strong>&nbsp;03 87 08 62 65<br>International: +33 3 87 08 62 65<\/p>\n\n\n\n<p><strong>Courriel :&nbsp;<\/strong><a href=\"mailto:mairie.vasperviller@wanadoo.fr\">mairie.vasperviller@wanadoo.fr&nbsp;<\/a><\/p>\n","protected":false},"excerpt":{"rendered":"<p>Vasperviller&nbsp;est un petit village fran\u00e7ais, situ\u00e9 dans&nbsp;le d\u00e9partement de la Moselle&nbsp;et&nbsp;la r\u00e9gion du Grand Est&nbsp;(anciennement R\u00e9gion Lorraine).La commune s&rsquo;\u00e9tend sur 1,5 km\u00b2 et compte 317 habitants depuis le dernier recensement de la population datant de 2005. Avec une densit\u00e9 de 205,8 habitants par km\u00b2, Vasperviller a connu une nette hausse de 12,8% de sa population par rapport \u00e0 1999.Entour\u00e9 par les communes de&nbsp;Abreschviller,&nbsp;Saint-Quirin&nbsp;et&nbsp;M\u00e9tairies-Saint-Quirin, Vasperviller est situ\u00e9 \u00e0 2 km au sud-ouest d&rsquo;Abreschviller&nbsp;la plus grande ville des environs.Situ\u00e9 \u00e0 334 m\u00e8tres&#8230;<\/p>\n<p class=\"read-more\"><a class=\"btn btn-default\" href=\"https:\/\/vasperviller.fr\/index.php\/contact\/\">Lire la suite<span class=\"screen-reader-text\"> Lire la suite<\/span><\/a><\/p>\n","protected":false},"author":2,"featured_media":0,"parent":0,"menu_order":0,"comment_status":"closed","ping_status":"closed","template":"","meta":{"footnotes":""},"class_list":["post-37","page","type-page","status-publish","hentry"],"yoast_head":"<!-- This site is optimized with the Yoast SEO plugin v23.6 - https:\/\/yoast.com\/wordpress\/plugins\/seo\/ -->\n<title>Contact - Vasperviller<\/title>\n<meta name=\"robots\" content=\"index, follow, max-snippet:-1, max-image-preview:large, max-video-preview:-1\" \/>\n<link rel=\"canonical\" href=\"https:\/\/vasperviller.fr\/index.php\/contact\/\" \/>\n<meta property=\"og:locale\" content=\"fr_FR\" \/>\n<meta property=\"og:type\" content=\"article\" \/>\n<meta property=\"og:title\" content=\"Contact - Vasperviller\" \/>\n<meta property=\"og:description\" content=\"Vasperviller&nbsp;est un petit village fran\u00e7ais, situ\u00e9 dans&nbsp;le d\u00e9partement de la Moselle&nbsp;et&nbsp;la r\u00e9gion du Grand Est&nbsp;(anciennement R\u00e9gion Lorraine).La commune s&rsquo;\u00e9tend sur 1,5 km\u00b2 et compte 317 habitants depuis le dernier recensement de la population datant de 2005. Avec une densit\u00e9 de 205,8 habitants par km\u00b2, Vasperviller a connu une nette hausse de 12,8% de sa population par rapport \u00e0 1999.Entour\u00e9 par les communes de&nbsp;Abreschviller,&nbsp;Saint-Quirin&nbsp;et&nbsp;M\u00e9tairies-Saint-Quirin, Vasperviller est situ\u00e9 \u00e0 2 km au sud-ouest d&rsquo;Abreschviller&nbsp;la plus grande ville des environs.Situ\u00e9 \u00e0 334 m\u00e8tres...Lire la suite Lire la suite\" \/>\n<meta property=\"og:url\" content=\"https:\/\/vasperviller.fr\/index.php\/contact\/\" \/>\n<meta property=\"og:site_name\" content=\"Vasperviller\" \/>\n<meta property=\"article:modified_time\" content=\"2020-09-01T16:05:57+00:00\" \/>\n<meta name=\"twitter:card\" content=\"summary_large_image\" \/>\n<meta name=\"twitter:label1\" content=\"Dur\u00e9e de lecture estim\u00e9e\" \/>\n\t<meta name=\"twitter:data1\" content=\"1 minute\" \/>\n<script type=\"application\/ld+json\" class=\"yoast-schema-graph\">{\"@context\":\"https:\/\/schema.org\",\"@graph\":[{\"@type\":\"WebPage\",\"@id\":\"https:\/\/vasperviller.fr\/index.php\/contact\/\",\"url\":\"https:\/\/vasperviller.fr\/index.php\/contact\/\",\"name\":\"Contact - Vasperviller\",\"isPartOf\":{\"@id\":\"https:\/\/vasperviller.fr\/#website\"},\"datePublished\":\"2019-11-24T09:01:21+00:00\",\"dateModified\":\"2020-09-01T16:05:57+00:00\",\"breadcrumb\":{\"@id\":\"https:\/\/vasperviller.fr\/index.php\/contact\/#breadcrumb\"},\"inLanguage\":\"fr-FR\",\"potentialAction\":[{\"@type\":\"ReadAction\",\"target\":[\"https:\/\/vasperviller.fr\/index.php\/contact\/\"]}]},{\"@type\":\"BreadcrumbList\",\"@id\":\"https:\/\/vasperviller.fr\/index.php\/contact\/#breadcrumb\",\"itemListElement\":[{\"@type\":\"ListItem\",\"position\":1,\"name\":\"Accueil\",\"item\":\"https:\/\/vasperviller.fr\/\"},{\"@type\":\"ListItem\",\"position\":2,\"name\":\"Contact\"}]},{\"@type\":\"WebSite\",\"@id\":\"https:\/\/vasperviller.fr\/#website\",\"url\":\"https:\/\/vasperviller.fr\/\",\"name\":\"Vasperviller\",\"description\":\"Village 2.0\",\"potentialAction\":[{\"@type\":\"SearchAction\",\"target\":{\"@type\":\"EntryPoint\",\"urlTemplate\":\"https:\/\/vasperviller.fr\/?s={search_term_string}\"},\"query-input\":{\"@type\":\"PropertyValueSpecification\",\"valueRequired\":true,\"valueName\":\"search_term_string\"}}],\"inLanguage\":\"fr-FR\"}]}<\/script>\n<!-- \/ Yoast SEO plugin. -->","yoast_head_json":{"title":"Contact - Vasperviller","robots":{"index":"index","follow":"follow","max-snippet":"max-snippet:-1","max-image-preview":"max-image-preview:large","max-video-preview":"max-video-preview:-1"},"canonical":"https:\/\/vasperviller.fr\/index.php\/contact\/","og_locale":"fr_FR","og_type":"article","og_title":"Contact - Vasperviller","og_description":"Vasperviller&nbsp;est un petit village fran\u00e7ais, situ\u00e9 dans&nbsp;le d\u00e9partement de la Moselle&nbsp;et&nbsp;la r\u00e9gion du Grand Est&nbsp;(anciennement R\u00e9gion Lorraine).La commune s&rsquo;\u00e9tend sur 1,5 km\u00b2 et compte 317 habitants depuis le dernier recensement de la population datant de 2005. Avec une densit\u00e9 de 205,8 habitants par km\u00b2, Vasperviller a connu une nette hausse de 12,8% de sa population par rapport \u00e0 1999.Entour\u00e9 par les communes de&nbsp;Abreschviller,&nbsp;Saint-Quirin&nbsp;et&nbsp;M\u00e9tairies-Saint-Quirin, Vasperviller est situ\u00e9 \u00e0 2 km au sud-ouest d&rsquo;Abreschviller&nbsp;la plus grande ville des environs.Situ\u00e9 \u00e0 334 m\u00e8tres...Lire la suite Lire la suite","og_url":"https:\/\/vasperviller.fr\/index.php\/contact\/","og_site_name":"Vasperviller","article_modified_time":"2020-09-01T16:05:57+00:00","twitter_card":"summary_large_image","twitter_misc":{"Dur\u00e9e de lecture estim\u00e9e":"1 minute"},"schema":{"@context":"https:\/\/schema.org","@graph":[{"@type":"WebPage","@id":"https:\/\/vasperviller.fr\/index.php\/contact\/","url":"https:\/\/vasperviller.fr\/index.php\/contact\/","name":"Contact - Vasperviller","isPartOf":{"@id":"https:\/\/vasperviller.fr\/#website"},"datePublished":"2019-11-24T09:01:21+00:00","dateModified":"2020-09-01T16:05:57+00:00","breadcrumb":{"@id":"https:\/\/vasperviller.fr\/index.php\/contact\/#breadcrumb"},"inLanguage":"fr-FR","potentialAction":[{"@type":"ReadAction","target":["https:\/\/vasperviller.fr\/index.php\/contact\/"]}]},{"@type":"BreadcrumbList","@id":"https:\/\/vasperviller.fr\/index.php\/contact\/#breadcrumb","itemListElement":[{"@type":"ListItem","position":1,"name":"Accueil","item":"https:\/\/vasperviller.fr\/"},{"@type":"ListItem","position":2,"name":"Contact"}]},{"@type":"WebSite","@id":"https:\/\/vasperviller.fr\/#website","url":"https:\/\/vasperviller.fr\/","name":"Vasperviller","description":"Village 2.0","potentialAction":[{"@type":"SearchAction","target":{"@type":"EntryPoint","urlTemplate":"https:\/\/vasperviller.fr\/?s={search_term_string}"},"query-input":{"@type":"PropertyValueSpecification","valueRequired":true,"valueName":"search_term_string"}}],"inLanguage":"fr-FR"}]}},"_links":{"self":[{"href":"https:\/\/vasperviller.fr\/index.php\/wp-json\/wp\/v2\/pages\/37"}],"collection":[{"href":"https:\/\/vasperviller.fr\/index.php\/wp-json\/wp\/v2\/pages"}],"about":[{"href":"https:\/\/vasperviller.fr\/index.php\/wp-json\/wp\/v2\/types\/page"}],"author":[{"embeddable":true,"href":"https:\/\/vasperviller.fr\/index.php\/wp-json\/wp\/v2\/users\/2"}],"replies":[{"embeddable":true,"href":"https:\/\/vasperviller.fr\/index.php\/wp-json\/wp\/v2\/comments?post=37"}],"version-history":[{"count":5,"href":"https:\/\/vasperviller.fr\/index.php\/wp-json\/wp\/v2\/pages\/37\/revisions"}],"predecessor-version":[{"id":336,"href":"https:\/\/vasperviller.fr\/index.php\/wp-json\/wp\/v2\/pages\/37\/revisions\/336"}],"wp:attachment":[{"href":"https:\/\/vasperviller.fr\/index.php\/wp-json\/wp\/v2\/media?parent=37"}],"curies":[{"name":"wp","href":"https:\/\/api.w.org\/{rel}","templated":true}]}}