{"id":244,"date":"2020-08-08T07:39:23","date_gmt":"2020-08-08T05:39:23","guid":{"rendered":"https:\/\/vasperviller.fr\/?page_id=244"},"modified":"2020-10-05T11:59:16","modified_gmt":"2020-10-05T09:59:16","slug":"vasperviller-daujourdhui-et-dautre-fois","status":"publish","type":"page","link":"https:\/\/vasperviller.fr\/index.php\/vasperviller-daujourdhui-et-dautre-fois\/","title":{"rendered":"Vasperviller d&rsquo;aujourd&rsquo;hui et d&rsquo;autre fois"},"content":{"rendered":"\n<p>r\u00e9f\u00e9rents : Camille ROHMER, Thibaut ROHMER, Tom BANZET, S\u00e9bastien BANZET et Pascal ROHMER<\/p>\n\n\n\n<p>Dans cette rubrique nous vous pr\u00e9sentons des photos anciennes et la versions moderne . <\/p>\n\n\n\n<p>Si vous aussi poss\u00e9dez de tels documents n&rsquo;h\u00e9sitez pas \u00e0 nous les confier afin de les faire appara\u00eetre sur le site de votre village.<\/p>\n\n\n\n<p>Si vous identifiez les personnes sur les photos vous pouvez nous donner les noms afin d&rsquo;enrichir nos donn\u00e9es. Par avance nous vous remercions pour votre participation<\/p>\n\n\n\n<figure class=\"wp-block-image size-large\"><img loading=\"lazy\" decoding=\"async\" width=\"767\" height=\"1024\" src=\"https:\/\/vasperviller.fr\/wp-content\/uploads\/2020\/10\/Entre\u0301e-du-village-767x1024.jpg\" alt=\"\" class=\"wp-image-426\" srcset=\"https:\/\/vasperviller.fr\/wp-content\/uploads\/2020\/10\/Entre\u0301e-du-village-767x1024.jpg 767w, https:\/\/vasperviller.fr\/wp-content\/uploads\/2020\/10\/Entre\u0301e-du-village-225x300.jpg 225w, https:\/\/vasperviller.fr\/wp-content\/uploads\/2020\/10\/Entre\u0301e-du-village-768x1026.jpg 768w, https:\/\/vasperviller.fr\/wp-content\/uploads\/2020\/10\/Entre\u0301e-du-village-1150x1536.jpg 1150w, https:\/\/vasperviller.fr\/wp-content\/uploads\/2020\/10\/Entre\u0301e-du-village-1533x2048.jpg 1533w, https:\/\/vasperviller.fr\/wp-content\/uploads\/2020\/10\/Entre\u0301e-du-village-202x270.jpg 202w, https:\/\/vasperviller.fr\/wp-content\/uploads\/2020\/10\/Entre\u0301e-du-village.jpg 1654w\" sizes=\"(max-width: 767px) 100vw, 767px\" \/><figcaption>Entr\u00e9e du village<\/figcaption><\/figure>\n\n\n\n<hr class=\"wp-block-separator\"\/>\n\n\n\n<figure class=\"wp-block-image size-large\"><img loading=\"lazy\" decoding=\"async\" width=\"783\" height=\"1024\" src=\"https:\/\/vasperviller.fr\/wp-content\/uploads\/2020\/10\/Cafe\u0301-de-la-re\u0301union-1-783x1024.jpg\" alt=\"\" class=\"wp-image-427\" srcset=\"https:\/\/vasperviller.fr\/wp-content\/uploads\/2020\/10\/Cafe\u0301-de-la-re\u0301union-1-783x1024.jpg 783w, https:\/\/vasperviller.fr\/wp-content\/uploads\/2020\/10\/Cafe\u0301-de-la-re\u0301union-1-229x300.jpg 229w, https:\/\/vasperviller.fr\/wp-content\/uploads\/2020\/10\/Cafe\u0301-de-la-re\u0301union-1-768x1004.jpg 768w, https:\/\/vasperviller.fr\/wp-content\/uploads\/2020\/10\/Cafe\u0301-de-la-re\u0301union-1-1175x1536.jpg 1175w, https:\/\/vasperviller.fr\/wp-content\/uploads\/2020\/10\/Cafe\u0301-de-la-re\u0301union-1-1566x2048.jpg 1566w, https:\/\/vasperviller.fr\/wp-content\/uploads\/2020\/10\/Cafe\u0301-de-la-re\u0301union-1-206x270.jpg 206w, https:\/\/vasperviller.fr\/wp-content\/uploads\/2020\/10\/Cafe\u0301-de-la-re\u0301union-1.jpg 1736w\" sizes=\"(max-width: 783px) 100vw, 783px\" \/><figcaption>Caf\u00e9 de la r\u00e9union<\/figcaption><\/figure>\n\n\n\n<hr class=\"wp-block-separator\"\/>\n\n\n\n<figure class=\"wp-block-image size-large\"><img loading=\"lazy\" decoding=\"async\" width=\"741\" height=\"1024\" src=\"https:\/\/vasperviller.fr\/wp-content\/uploads\/2020\/10\/Monument-741x1024.jpg\" alt=\"\" class=\"wp-image-428\" srcset=\"https:\/\/vasperviller.fr\/wp-content\/uploads\/2020\/10\/Monument-741x1024.jpg 741w, https:\/\/vasperviller.fr\/wp-content\/uploads\/2020\/10\/Monument-217x300.jpg 217w, https:\/\/vasperviller.fr\/wp-content\/uploads\/2020\/10\/Monument-768x1061.jpg 768w, https:\/\/vasperviller.fr\/wp-content\/uploads\/2020\/10\/Monument-1112x1536.jpg 1112w, https:\/\/vasperviller.fr\/wp-content\/uploads\/2020\/10\/Monument-195x270.jpg 195w, https:\/\/vasperviller.fr\/wp-content\/uploads\/2020\/10\/Monument.jpg 1217w\" sizes=\"(max-width: 741px) 100vw, 741px\" \/><figcaption>Place du monument<\/figcaption><\/figure>\n\n\n\n<figure class=\"wp-block-image size-large\"><img loading=\"lazy\" decoding=\"async\" width=\"718\" height=\"1024\" src=\"https:\/\/vasperviller.fr\/wp-content\/uploads\/2020\/10\/Maison-de\u0301cole-718x1024.jpg\" alt=\"\" class=\"wp-image-430\" srcset=\"https:\/\/vasperviller.fr\/wp-content\/uploads\/2020\/10\/Maison-de\u0301cole-718x1024.jpg 718w, https:\/\/vasperviller.fr\/wp-content\/uploads\/2020\/10\/Maison-de\u0301cole-210x300.jpg 210w, https:\/\/vasperviller.fr\/wp-content\/uploads\/2020\/10\/Maison-de\u0301cole-768x1095.jpg 768w, https:\/\/vasperviller.fr\/wp-content\/uploads\/2020\/10\/Maison-de\u0301cole-1077x1536.jpg 1077w, https:\/\/vasperviller.fr\/wp-content\/uploads\/2020\/10\/Maison-de\u0301cole-1436x2048.jpg 1436w, https:\/\/vasperviller.fr\/wp-content\/uploads\/2020\/10\/Maison-de\u0301cole-189x270.jpg 189w, https:\/\/vasperviller.fr\/wp-content\/uploads\/2020\/10\/Maison-de\u0301cole.jpg 1703w\" sizes=\"(max-width: 718px) 100vw, 718px\" \/><figcaption>Maison d&rsquo;\u00e9cole<\/figcaption><\/figure>\n\n\n\n<figure class=\"wp-block-image size-large\"><img loading=\"lazy\" decoding=\"async\" width=\"755\" height=\"1024\" src=\"https:\/\/vasperviller.fr\/wp-content\/uploads\/2020\/10\/Quartier-des-mare\u0301chaux-755x1024.jpg\" alt=\"\" class=\"wp-image-429\" srcset=\"https:\/\/vasperviller.fr\/wp-content\/uploads\/2020\/10\/Quartier-des-mare\u0301chaux-755x1024.jpg 755w, https:\/\/vasperviller.fr\/wp-content\/uploads\/2020\/10\/Quartier-des-mare\u0301chaux-221x300.jpg 221w, https:\/\/vasperviller.fr\/wp-content\/uploads\/2020\/10\/Quartier-des-mare\u0301chaux-768x1042.jpg 768w, https:\/\/vasperviller.fr\/wp-content\/uploads\/2020\/10\/Quartier-des-mare\u0301chaux-1132x1536.jpg 1132w, https:\/\/vasperviller.fr\/wp-content\/uploads\/2020\/10\/Quartier-des-mare\u0301chaux-1510x2048.jpg 1510w, https:\/\/vasperviller.fr\/wp-content\/uploads\/2020\/10\/Quartier-des-mare\u0301chaux-199x270.jpg 199w, https:\/\/vasperviller.fr\/wp-content\/uploads\/2020\/10\/Quartier-des-mare\u0301chaux.jpg 1654w\" sizes=\"(max-width: 755px) 100vw, 755px\" \/><figcaption>Quartier des Mar\u00e9chaux<\/figcaption><\/figure>\n\n\n\n<p><\/p>\n","protected":false},"excerpt":{"rendered":"<p>r\u00e9f\u00e9rents : Camille ROHMER, Thibaut ROHMER, Tom BANZET, S\u00e9bastien BANZET et Pascal ROHMER Dans cette rubrique nous vous pr\u00e9sentons des photos anciennes et la versions moderne . Si vous aussi poss\u00e9dez de tels documents n&rsquo;h\u00e9sitez pas \u00e0 nous les confier afin de les faire appara\u00eetre sur le site de votre village. Si vous identifiez les personnes sur les photos vous pouvez nous donner les noms afin d&rsquo;enrichir nos donn\u00e9es. Par avance nous vous remercions pour votre participation<\/p>\n","protected":false},"author":2,"featured_media":0,"parent":0,"menu_order":0,"comment_status":"closed","ping_status":"closed","template":"","meta":{"footnotes":""},"class_list":["post-244","page","type-page","status-publish","hentry"],"yoast_head":"<!-- This site is optimized with the Yoast SEO plugin v23.6 - https:\/\/yoast.com\/wordpress\/plugins\/seo\/ -->\n<title>Vasperviller d&#039;aujourd&#039;hui et d&#039;autre fois - Vasperviller<\/title>\n<meta name=\"robots\" content=\"index, follow, max-snippet:-1, max-image-preview:large, max-video-preview:-1\" \/>\n<link rel=\"canonical\" href=\"https:\/\/vasperviller.fr\/index.php\/vasperviller-daujourdhui-et-dautre-fois\/\" \/>\n<meta property=\"og:locale\" content=\"fr_FR\" \/>\n<meta property=\"og:type\" content=\"article\" \/>\n<meta property=\"og:title\" content=\"Vasperviller d&#039;aujourd&#039;hui et d&#039;autre fois - Vasperviller\" \/>\n<meta property=\"og:description\" content=\"r\u00e9f\u00e9rents : Camille ROHMER, Thibaut ROHMER, Tom BANZET, S\u00e9bastien BANZET et Pascal ROHMER Dans cette rubrique nous vous pr\u00e9sentons des photos anciennes et la versions moderne . Si vous aussi poss\u00e9dez de tels documents n&rsquo;h\u00e9sitez pas \u00e0 nous les confier afin de les faire appara\u00eetre sur le site de votre village. Si vous identifiez les personnes sur les photos vous pouvez nous donner les noms afin d&rsquo;enrichir nos donn\u00e9es. Par avance nous vous remercions pour votre participation\" \/>\n<meta property=\"og:url\" content=\"https:\/\/vasperviller.fr\/index.php\/vasperviller-daujourdhui-et-dautre-fois\/\" \/>\n<meta property=\"og:site_name\" content=\"Vasperviller\" \/>\n<meta property=\"article:modified_time\" content=\"2020-10-05T09:59:16+00:00\" \/>\n<meta property=\"og:image\" content=\"https:\/\/vasperviller.fr\/wp-content\/uploads\/2020\/10\/Entre\u0301e-du-village-767x1024.jpg\" \/>\n<meta name=\"twitter:card\" content=\"summary_large_image\" \/>\n<meta name=\"twitter:label1\" content=\"Dur\u00e9e de lecture estim\u00e9e\" \/>\n\t<meta name=\"twitter:data1\" content=\"1 minute\" \/>\n<script type=\"application\/ld+json\" class=\"yoast-schema-graph\">{\"@context\":\"https:\/\/schema.org\",\"@graph\":[{\"@type\":\"WebPage\",\"@id\":\"https:\/\/vasperviller.fr\/index.php\/vasperviller-daujourdhui-et-dautre-fois\/\",\"url\":\"https:\/\/vasperviller.fr\/index.php\/vasperviller-daujourdhui-et-dautre-fois\/\",\"name\":\"Vasperviller d'aujourd'hui et d'autre fois - Vasperviller\",\"isPartOf\":{\"@id\":\"https:\/\/vasperviller.fr\/#website\"},\"primaryImageOfPage\":{\"@id\":\"https:\/\/vasperviller.fr\/index.php\/vasperviller-daujourdhui-et-dautre-fois\/#primaryimage\"},\"image\":{\"@id\":\"https:\/\/vasperviller.fr\/index.php\/vasperviller-daujourdhui-et-dautre-fois\/#primaryimage\"},\"thumbnailUrl\":\"https:\/\/vasperviller.fr\/wp-content\/uploads\/2020\/10\/Monument-741x1024.jpg\",\"datePublished\":\"2020-08-08T05:39:23+00:00\",\"dateModified\":\"2020-10-05T09:59:16+00:00\",\"breadcrumb\":{\"@id\":\"https:\/\/vasperviller.fr\/index.php\/vasperviller-daujourdhui-et-dautre-fois\/#breadcrumb\"},\"inLanguage\":\"fr-FR\",\"potentialAction\":[{\"@type\":\"ReadAction\",\"target\":[\"https:\/\/vasperviller.fr\/index.php\/vasperviller-daujourdhui-et-dautre-fois\/\"]}]},{\"@type\":\"ImageObject\",\"inLanguage\":\"fr-FR\",\"@id\":\"https:\/\/vasperviller.fr\/index.php\/vasperviller-daujourdhui-et-dautre-fois\/#primaryimage\",\"url\":\"https:\/\/vasperviller.fr\/wp-content\/uploads\/2020\/10\/Monument.jpg\",\"contentUrl\":\"https:\/\/vasperviller.fr\/wp-content\/uploads\/2020\/10\/Monument.jpg\",\"width\":1217,\"height\":1681},{\"@type\":\"BreadcrumbList\",\"@id\":\"https:\/\/vasperviller.fr\/index.php\/vasperviller-daujourdhui-et-dautre-fois\/#breadcrumb\",\"itemListElement\":[{\"@type\":\"ListItem\",\"position\":1,\"name\":\"Accueil\",\"item\":\"https:\/\/vasperviller.fr\/\"},{\"@type\":\"ListItem\",\"position\":2,\"name\":\"Vasperviller d&rsquo;aujourd&rsquo;hui et d&rsquo;autre fois\"}]},{\"@type\":\"WebSite\",\"@id\":\"https:\/\/vasperviller.fr\/#website\",\"url\":\"https:\/\/vasperviller.fr\/\",\"name\":\"Vasperviller\",\"description\":\"Village 2.0\",\"potentialAction\":[{\"@type\":\"SearchAction\",\"target\":{\"@type\":\"EntryPoint\",\"urlTemplate\":\"https:\/\/vasperviller.fr\/?s={search_term_string}\"},\"query-input\":{\"@type\":\"PropertyValueSpecification\",\"valueRequired\":true,\"valueName\":\"search_term_string\"}}],\"inLanguage\":\"fr-FR\"}]}<\/script>\n<!-- \/ Yoast SEO plugin. -->","yoast_head_json":{"title":"Vasperviller d'aujourd'hui et d'autre fois - Vasperviller","robots":{"index":"index","follow":"follow","max-snippet":"max-snippet:-1","max-image-preview":"max-image-preview:large","max-video-preview":"max-video-preview:-1"},"canonical":"https:\/\/vasperviller.fr\/index.php\/vasperviller-daujourdhui-et-dautre-fois\/","og_locale":"fr_FR","og_type":"article","og_title":"Vasperviller d'aujourd'hui et d'autre fois - Vasperviller","og_description":"r\u00e9f\u00e9rents : Camille ROHMER, Thibaut ROHMER, Tom BANZET, S\u00e9bastien BANZET et Pascal ROHMER Dans cette rubrique nous vous pr\u00e9sentons des photos anciennes et la versions moderne . Si vous aussi poss\u00e9dez de tels documents n&rsquo;h\u00e9sitez pas \u00e0 nous les confier afin de les faire appara\u00eetre sur le site de votre village. Si vous identifiez les personnes sur les photos vous pouvez nous donner les noms afin d&rsquo;enrichir nos donn\u00e9es. Par avance nous vous remercions pour votre participation","og_url":"https:\/\/vasperviller.fr\/index.php\/vasperviller-daujourdhui-et-dautre-fois\/","og_site_name":"Vasperviller","article_modified_time":"2020-10-05T09:59:16+00:00","og_image":[{"url":"https:\/\/vasperviller.fr\/wp-content\/uploads\/2020\/10\/Entre\u0301e-du-village-767x1024.jpg"}],"twitter_card":"summary_large_image","twitter_misc":{"Dur\u00e9e de lecture estim\u00e9e":"1 minute"},"schema":{"@context":"https:\/\/schema.org","@graph":[{"@type":"WebPage","@id":"https:\/\/vasperviller.fr\/index.php\/vasperviller-daujourdhui-et-dautre-fois\/","url":"https:\/\/vasperviller.fr\/index.php\/vasperviller-daujourdhui-et-dautre-fois\/","name":"Vasperviller d'aujourd'hui et d'autre fois - Vasperviller","isPartOf":{"@id":"https:\/\/vasperviller.fr\/#website"},"primaryImageOfPage":{"@id":"https:\/\/vasperviller.fr\/index.php\/vasperviller-daujourdhui-et-dautre-fois\/#primaryimage"},"image":{"@id":"https:\/\/vasperviller.fr\/index.php\/vasperviller-daujourdhui-et-dautre-fois\/#primaryimage"},"thumbnailUrl":"https:\/\/vasperviller.fr\/wp-content\/uploads\/2020\/10\/Monument-741x1024.jpg","datePublished":"2020-08-08T05:39:23+00:00","dateModified":"2020-10-05T09:59:16+00:00","breadcrumb":{"@id":"https:\/\/vasperviller.fr\/index.php\/vasperviller-daujourdhui-et-dautre-fois\/#breadcrumb"},"inLanguage":"fr-FR","potentialAction":[{"@type":"ReadAction","target":["https:\/\/vasperviller.fr\/index.php\/vasperviller-daujourdhui-et-dautre-fois\/"]}]},{"@type":"ImageObject","inLanguage":"fr-FR","@id":"https:\/\/vasperviller.fr\/index.php\/vasperviller-daujourdhui-et-dautre-fois\/#primaryimage","url":"https:\/\/vasperviller.fr\/wp-content\/uploads\/2020\/10\/Monument.jpg","contentUrl":"https:\/\/vasperviller.fr\/wp-content\/uploads\/2020\/10\/Monument.jpg","width":1217,"height":1681},{"@type":"BreadcrumbList","@id":"https:\/\/vasperviller.fr\/index.php\/vasperviller-daujourdhui-et-dautre-fois\/#breadcrumb","itemListElement":[{"@type":"ListItem","position":1,"name":"Accueil","item":"https:\/\/vasperviller.fr\/"},{"@type":"ListItem","position":2,"name":"Vasperviller d&rsquo;aujourd&rsquo;hui et d&rsquo;autre fois"}]},{"@type":"WebSite","@id":"https:\/\/vasperviller.fr\/#website","url":"https:\/\/vasperviller.fr\/","name":"Vasperviller","description":"Village 2.0","potentialAction":[{"@type":"SearchAction","target":{"@type":"EntryPoint","urlTemplate":"https:\/\/vasperviller.fr\/?s={search_term_string}"},"query-input":{"@type":"PropertyValueSpecification","valueRequired":true,"valueName":"search_term_string"}}],"inLanguage":"fr-FR"}]}},"_links":{"self":[{"href":"https:\/\/vasperviller.fr\/index.php\/wp-json\/wp\/v2\/pages\/244"}],"collection":[{"href":"https:\/\/vasperviller.fr\/index.php\/wp-json\/wp\/v2\/pages"}],"about":[{"href":"https:\/\/vasperviller.fr\/index.php\/wp-json\/wp\/v2\/types\/page"}],"author":[{"embeddable":true,"href":"https:\/\/vasperviller.fr\/index.php\/wp-json\/wp\/v2\/users\/2"}],"replies":[{"embeddable":true,"href":"https:\/\/vasperviller.fr\/index.php\/wp-json\/wp\/v2\/comments?post=244"}],"version-history":[{"count":6,"href":"https:\/\/vasperviller.fr\/index.php\/wp-json\/wp\/v2\/pages\/244\/revisions"}],"predecessor-version":[{"id":431,"href":"https:\/\/vasperviller.fr\/index.php\/wp-json\/wp\/v2\/pages\/244\/revisions\/431"}],"wp:attachment":[{"href":"https:\/\/vasperviller.fr\/index.php\/wp-json\/wp\/v2\/media?parent=244"}],"curies":[{"name":"wp","href":"https:\/\/api.w.org\/{rel}","templated":true}]}}