{"id":152,"date":"2020-03-20T13:43:41","date_gmt":"2020-03-20T12:43:41","guid":{"rendered":"https:\/\/vasperviller.fr\/?page_id=152"},"modified":"2021-12-04T09:09:13","modified_gmt":"2021-12-04T08:09:13","slug":"historique-de-la-commune","status":"publish","type":"page","link":"https:\/\/vasperviller.fr\/index.php\/historique-de-la-commune\/","title":{"rendered":"Historique de la commune"},"content":{"rendered":"\n<p>r\u00e9f\u00e9rent :  Henri Ontabilla, Thibaut Rohmer<\/p>\n\n\n\n<p><strong>Pr\u00e9ambule :&nbsp;<\/strong><\/p>\n\n\n\n<p><strong>ll y a plusieurs ann\u00e9es M. Andr\u00e9 ENGEL, maire de Vasperviller de 1965 \u00e0 1989, et M. Claude Jochum ont entrepris de r\u00e9diger un document relatant l&rsquo;histoire de Vasperviller. Leur travail n&rsquo;a jamais \u00e9t\u00e9 publi\u00e9.<\/strong><\/p>\n\n\n\n<p><strong>Le classeur appartenant \u00e0 M. Claude Jochum contenant le produit de leur recherche a \u00e9t\u00e9 remis de son vivant \u00e0 M. Pascal Rohmer afin qu&rsquo;il en fasse bon usage.<\/strong><\/p>\n\n\n\n<p><strong>En hommage \u00e0 un tel travail qui a demand\u00e9 \u00e9norm\u00e9ment de temps en recherche, d\u00e9placements et r\u00e9daction, il est apparu l\u00e9gitime de le publier int\u00e9gralement sur le site internet de Vasperviller.<\/strong><\/p>\n\n\n\n<p><strong>Les exceptionnelles ressources num\u00e9riques fournies par internet, les r\u00e9centes d\u00e9couvertes arch\u00e9ologiques ainsi que les nombreuses \u00e9tudes historiques locales ont rendu n\u00e9cessaire, dans un esprit de continuit\u00e9, de nouvelles recherches, v\u00e9rifications et, de fait, une refonte de l&rsquo;ouvrage.<\/strong><\/p>\n\n\n\n<p><strong>Ainsi, r\u00e9guli\u00e8rement, de nouveaux chapitres de l&rsquo;histoire de Vasperviller seront publi\u00e9s et post\u00e9s.<\/strong><\/p>\n\n\n\n<p><strong>Ces recherches seront effectu\u00e9es sous le contr\u00f4le de MM. Henri ONTABILLA et Thibaut ROHMER.<\/strong><\/p>\n\n\n\n<p><strong>La finalit\u00e9 de cet historique sera d&rsquo;aboutir \u00e0 une monographie de Vasperviller.<\/strong><\/p>\n\n\n\n<p><strong>Pour nous aider dans cette entreprise et si vous poss\u00e9dez des archives, des donn\u00e9es photographiques, des textes et autres documents utiles pour la compr\u00e9hension de l\u2019histoire de notre commune, nous nous tenons \u00e0 votre disposition pour les photographier, les scanners et les enregistrer afin de compl\u00e9ter avec votre accord les donn\u00e9es existantes.<\/strong><\/p>\n\n\n\n<div data-wp-interactive=\"core\/file\" class=\"wp-block-file\"><object data-wp-bind--hidden=\"!state.hasPdfPreview\"  class=\"wp-block-file__embed\" data=\"https:\/\/vasperviller.fr\/wp-content\/uploads\/2021\/12\/diaporama-HISTOIRE-DE-LA-CHAPELLE-DE-VASPERVILLER-1946-1967-copie-pour-brochure.pdf\" type=\"application\/pdf\" style=\"width:100%;height:600px\" aria-label=\"Contenu embarqu\u00e9 Contenu embarqu\u00e9 diaporama-HISTOIRE-DE-LA-CHAPELLE-DE-VASPERVILLER-1946-1967-copie-pour-brochure..\"><\/object><a href=\"https:\/\/vasperviller.fr\/wp-content\/uploads\/2021\/12\/diaporama-HISTOIRE-DE-LA-CHAPELLE-DE-VASPERVILLER-1946-1967-copie-pour-brochure.pdf\">diaporama-HISTOIRE-DE-LA-CHAPELLE-DE-VASPERVILLER-1946-1967-copie-pour-brochure<\/a><a href=\"https:\/\/vasperviller.fr\/wp-content\/uploads\/2021\/12\/diaporama-HISTOIRE-DE-LA-CHAPELLE-DE-VASPERVILLER-1946-1967-copie-pour-brochure.pdf\" class=\"wp-block-file__button\" download>T\u00e9l\u00e9charger<\/a><\/div>\n\n\n\n<hr class=\"wp-block-separator\"\/>\n\n\n<ul class=\"wp-block-latest-posts__list has-dates wp-block-latest-posts\"><li><a class=\"wp-block-latest-posts__post-title\" href=\"https:\/\/vasperviller.fr\/index.php\/2021\/11\/18\/lhistoire-de-la-chapelle-de-vasperviller-1946-1967\/\">L&rsquo;histoire de la chapelle de vasperviller 1946 \/ 1967<\/a><time datetime=\"2021-11-18T09:03:02+01:00\" class=\"wp-block-latest-posts__post-date\">18 novembre 2021<\/time><div class=\"wp-block-latest-posts__post-excerpt\"><\/div><\/li>\n<li><a class=\"wp-block-latest-posts__post-title\" href=\"https:\/\/vasperviller.fr\/index.php\/2020\/03\/20\/lhistoire-de-vasperviller\/\">L&rsquo;Histoire de Vasperviller<\/a><time datetime=\"2020-03-20T13:58:49+01:00\" class=\"wp-block-latest-posts__post-date\">20 mars 2020<\/time><div class=\"wp-block-latest-posts__post-excerpt\">Le pass\u00e9 de notre village se divise en trois \u00e9poques bien distinctes&nbsp;: 1 \u2013 Walperti-Villa P\u00e9riode recul\u00e9e de la civilisation des sommets vosgiens \u00e0 l&rsquo;\u00e9poque gallo-romaine, la r\u00e9gion \u00e9tait sillonn\u00e9e de plusieurs voies romaines, dont la plus importante \u00ab&nbsp; Le chemin d\u2019Allemagne&nbsp;\u00bb longeant les sommets au dessus de la vall\u00e9e de la sarre-blanche, qui reliait Strasbourg \u2013 Langres \u2013 Metz via le Donon, La montagne sacr\u00e9e des dieux principalement Mercure et Jupiter. Une des nombreuses voies romaines secondaires, reliant \u00ab&nbsp;Pont-saraavi&nbsp;\u00bb&#8230;<p class=\"read-more\"><a class=\"btn btn-default\" href=\"https:\/\/vasperviller.fr\/index.php\/2020\/03\/20\/lhistoire-de-vasperviller\/\">Lire la suite<span class=\"screen-reader-text\"> Lire la suite<\/span><\/a><\/p><\/div><\/li>\n<li><a class=\"wp-block-latest-posts__post-title\" href=\"https:\/\/vasperviller.fr\/index.php\/2020\/03\/20\/liste-des-maires-de-vasperviller-depuis-1793\/\">Liste des maires de Vasperviller depuis 1793<\/a><time datetime=\"2020-03-20T13:54:54+01:00\" class=\"wp-block-latest-posts__post-date\">20 mars 2020<\/time><div class=\"wp-block-latest-posts__post-excerpt\">Voici l\u2019historique des maires de notre village depuis 1793 NOM Pr\u00e9nom P\u00e9riode BAILLET Joseph 1793 1799 SAUCE Jean-Baptiste 1799 1808 HENRIET Louis 1808 1819 PARGNY Jean-Quirin 1819 1835 POUCHER Fran\u00e7ois 1835 1866 LAVAL Gabriel 1866 1867 SEYER Jean-Baptiste 1868 1869 POUCHER Fran\u00e7ois Maire d\u00e9l\u00e9gu\u00e9, faisant fonction POUCHER Fran\u00e7ois 1872 1881 BARTHELEMY Augustin 1881 1901 BOURNIQUE Victor 1901 1906 HAFFEMAYER Constant 1906 1940 BENA Jules 1940 1945 ENGEL Louis 1945 1947 MACHET Jules 1947 1965 ENGEL Andr\u00e9 1965 1989 MAZERAND Gilbert&#8230;<p class=\"read-more\"><a class=\"btn btn-default\" href=\"https:\/\/vasperviller.fr\/index.php\/2020\/03\/20\/liste-des-maires-de-vasperviller-depuis-1793\/\">Lire la suite<span class=\"screen-reader-text\"> Lire la suite<\/span><\/a><\/p><\/div><\/li>\n<\/ul>","protected":false},"excerpt":{"rendered":"<p>r\u00e9f\u00e9rent : Henri Ontabilla, Thibaut Rohmer Pr\u00e9ambule :&nbsp; ll y a plusieurs ann\u00e9es M. Andr\u00e9 ENGEL, maire de Vasperviller de 1965 \u00e0 1989, et M. Claude Jochum ont entrepris de r\u00e9diger un document relatant l&rsquo;histoire de Vasperviller. Leur travail n&rsquo;a jamais \u00e9t\u00e9 publi\u00e9. Le classeur appartenant \u00e0 M. Claude Jochum contenant le produit de leur recherche a \u00e9t\u00e9 remis de son vivant \u00e0 M. Pascal Rohmer afin qu&rsquo;il en fasse bon usage. En hommage \u00e0 un tel travail qui a&#8230;<\/p>\n<p class=\"read-more\"><a class=\"btn btn-default\" href=\"https:\/\/vasperviller.fr\/index.php\/historique-de-la-commune\/\">Lire la suite<span class=\"screen-reader-text\"> Lire la suite<\/span><\/a><\/p>\n","protected":false},"author":2,"featured_media":0,"parent":0,"menu_order":0,"comment_status":"closed","ping_status":"closed","template":"","meta":{"footnotes":""},"class_list":["post-152","page","type-page","status-publish","hentry"],"yoast_head":"<!-- This site is optimized with the Yoast SEO plugin v23.6 - https:\/\/yoast.com\/wordpress\/plugins\/seo\/ -->\n<title>Historique de la commune - Vasperviller<\/title>\n<meta name=\"robots\" content=\"index, follow, max-snippet:-1, max-image-preview:large, max-video-preview:-1\" \/>\n<link rel=\"canonical\" href=\"https:\/\/vasperviller.fr\/index.php\/historique-de-la-commune\/\" \/>\n<meta property=\"og:locale\" content=\"fr_FR\" \/>\n<meta property=\"og:type\" content=\"article\" \/>\n<meta property=\"og:title\" content=\"Historique de la commune - Vasperviller\" \/>\n<meta property=\"og:description\" content=\"r\u00e9f\u00e9rent : Henri Ontabilla, Thibaut Rohmer Pr\u00e9ambule :&nbsp; ll y a plusieurs ann\u00e9es M. Andr\u00e9 ENGEL, maire de Vasperviller de 1965 \u00e0 1989, et M. Claude Jochum ont entrepris de r\u00e9diger un document relatant l&rsquo;histoire de Vasperviller. Leur travail n&rsquo;a jamais \u00e9t\u00e9 publi\u00e9. Le classeur appartenant \u00e0 M. Claude Jochum contenant le produit de leur recherche a \u00e9t\u00e9 remis de son vivant \u00e0 M. Pascal Rohmer afin qu&rsquo;il en fasse bon usage. En hommage \u00e0 un tel travail qui a...Lire la suite Lire la suite\" \/>\n<meta property=\"og:url\" content=\"https:\/\/vasperviller.fr\/index.php\/historique-de-la-commune\/\" \/>\n<meta property=\"og:site_name\" content=\"Vasperviller\" \/>\n<meta property=\"article:modified_time\" content=\"2021-12-04T08:09:13+00:00\" \/>\n<meta name=\"twitter:card\" content=\"summary_large_image\" \/>\n<meta name=\"twitter:label1\" content=\"Dur\u00e9e de lecture estim\u00e9e\" \/>\n\t<meta name=\"twitter:data1\" content=\"2 minutes\" \/>\n<script type=\"application\/ld+json\" class=\"yoast-schema-graph\">{\"@context\":\"https:\/\/schema.org\",\"@graph\":[{\"@type\":\"WebPage\",\"@id\":\"https:\/\/vasperviller.fr\/index.php\/historique-de-la-commune\/\",\"url\":\"https:\/\/vasperviller.fr\/index.php\/historique-de-la-commune\/\",\"name\":\"Historique de la commune - Vasperviller\",\"isPartOf\":{\"@id\":\"https:\/\/vasperviller.fr\/#website\"},\"datePublished\":\"2020-03-20T12:43:41+00:00\",\"dateModified\":\"2021-12-04T08:09:13+00:00\",\"breadcrumb\":{\"@id\":\"https:\/\/vasperviller.fr\/index.php\/historique-de-la-commune\/#breadcrumb\"},\"inLanguage\":\"fr-FR\",\"potentialAction\":[{\"@type\":\"ReadAction\",\"target\":[\"https:\/\/vasperviller.fr\/index.php\/historique-de-la-commune\/\"]}]},{\"@type\":\"BreadcrumbList\",\"@id\":\"https:\/\/vasperviller.fr\/index.php\/historique-de-la-commune\/#breadcrumb\",\"itemListElement\":[{\"@type\":\"ListItem\",\"position\":1,\"name\":\"Accueil\",\"item\":\"https:\/\/vasperviller.fr\/\"},{\"@type\":\"ListItem\",\"position\":2,\"name\":\"Historique de la commune\"}]},{\"@type\":\"WebSite\",\"@id\":\"https:\/\/vasperviller.fr\/#website\",\"url\":\"https:\/\/vasperviller.fr\/\",\"name\":\"Vasperviller\",\"description\":\"Village 2.0\",\"potentialAction\":[{\"@type\":\"SearchAction\",\"target\":{\"@type\":\"EntryPoint\",\"urlTemplate\":\"https:\/\/vasperviller.fr\/?s={search_term_string}\"},\"query-input\":{\"@type\":\"PropertyValueSpecification\",\"valueRequired\":true,\"valueName\":\"search_term_string\"}}],\"inLanguage\":\"fr-FR\"}]}<\/script>\n<!-- \/ Yoast SEO plugin. -->","yoast_head_json":{"title":"Historique de la commune - Vasperviller","robots":{"index":"index","follow":"follow","max-snippet":"max-snippet:-1","max-image-preview":"max-image-preview:large","max-video-preview":"max-video-preview:-1"},"canonical":"https:\/\/vasperviller.fr\/index.php\/historique-de-la-commune\/","og_locale":"fr_FR","og_type":"article","og_title":"Historique de la commune - Vasperviller","og_description":"r\u00e9f\u00e9rent : Henri Ontabilla, Thibaut Rohmer Pr\u00e9ambule :&nbsp; ll y a plusieurs ann\u00e9es M. Andr\u00e9 ENGEL, maire de Vasperviller de 1965 \u00e0 1989, et M. Claude Jochum ont entrepris de r\u00e9diger un document relatant l&rsquo;histoire de Vasperviller. Leur travail n&rsquo;a jamais \u00e9t\u00e9 publi\u00e9. Le classeur appartenant \u00e0 M. Claude Jochum contenant le produit de leur recherche a \u00e9t\u00e9 remis de son vivant \u00e0 M. Pascal Rohmer afin qu&rsquo;il en fasse bon usage. En hommage \u00e0 un tel travail qui a...Lire la suite Lire la suite","og_url":"https:\/\/vasperviller.fr\/index.php\/historique-de-la-commune\/","og_site_name":"Vasperviller","article_modified_time":"2021-12-04T08:09:13+00:00","twitter_card":"summary_large_image","twitter_misc":{"Dur\u00e9e de lecture estim\u00e9e":"2 minutes"},"schema":{"@context":"https:\/\/schema.org","@graph":[{"@type":"WebPage","@id":"https:\/\/vasperviller.fr\/index.php\/historique-de-la-commune\/","url":"https:\/\/vasperviller.fr\/index.php\/historique-de-la-commune\/","name":"Historique de la commune - Vasperviller","isPartOf":{"@id":"https:\/\/vasperviller.fr\/#website"},"datePublished":"2020-03-20T12:43:41+00:00","dateModified":"2021-12-04T08:09:13+00:00","breadcrumb":{"@id":"https:\/\/vasperviller.fr\/index.php\/historique-de-la-commune\/#breadcrumb"},"inLanguage":"fr-FR","potentialAction":[{"@type":"ReadAction","target":["https:\/\/vasperviller.fr\/index.php\/historique-de-la-commune\/"]}]},{"@type":"BreadcrumbList","@id":"https:\/\/vasperviller.fr\/index.php\/historique-de-la-commune\/#breadcrumb","itemListElement":[{"@type":"ListItem","position":1,"name":"Accueil","item":"https:\/\/vasperviller.fr\/"},{"@type":"ListItem","position":2,"name":"Historique de la commune"}]},{"@type":"WebSite","@id":"https:\/\/vasperviller.fr\/#website","url":"https:\/\/vasperviller.fr\/","name":"Vasperviller","description":"Village 2.0","potentialAction":[{"@type":"SearchAction","target":{"@type":"EntryPoint","urlTemplate":"https:\/\/vasperviller.fr\/?s={search_term_string}"},"query-input":{"@type":"PropertyValueSpecification","valueRequired":true,"valueName":"search_term_string"}}],"inLanguage":"fr-FR"}]}},"_links":{"self":[{"href":"https:\/\/vasperviller.fr\/index.php\/wp-json\/wp\/v2\/pages\/152"}],"collection":[{"href":"https:\/\/vasperviller.fr\/index.php\/wp-json\/wp\/v2\/pages"}],"about":[{"href":"https:\/\/vasperviller.fr\/index.php\/wp-json\/wp\/v2\/types\/page"}],"author":[{"embeddable":true,"href":"https:\/\/vasperviller.fr\/index.php\/wp-json\/wp\/v2\/users\/2"}],"replies":[{"embeddable":true,"href":"https:\/\/vasperviller.fr\/index.php\/wp-json\/wp\/v2\/comments?post=152"}],"version-history":[{"count":4,"href":"https:\/\/vasperviller.fr\/index.php\/wp-json\/wp\/v2\/pages\/152\/revisions"}],"predecessor-version":[{"id":1094,"href":"https:\/\/vasperviller.fr\/index.php\/wp-json\/wp\/v2\/pages\/152\/revisions\/1094"}],"wp:attachment":[{"href":"https:\/\/vasperviller.fr\/index.php\/wp-json\/wp\/v2\/media?parent=152"}],"curies":[{"name":"wp","href":"https:\/\/api.w.org\/{rel}","templated":true}]}}