{"id":14,"date":"2019-11-15T21:16:11","date_gmt":"2019-11-15T20:16:11","guid":{"rendered":"http:\/\/vaspero.cluster024.hosting.ovh.net\/?page_id=14"},"modified":"2020-08-11T11:42:26","modified_gmt":"2020-08-11T09:42:26","slug":"vasperloisir","status":"publish","type":"page","link":"https:\/\/vasperviller.fr\/index.php\/vasperloisir\/","title":{"rendered":"VasperLoisir"},"content":{"rendered":"\n<p>R\u00e9f\u00e9rent : Franck CARABIN<\/p>\n\n\n<ul class=\"wp-block-latest-posts__list has-dates wp-block-latest-posts\"><li><a class=\"wp-block-latest-posts__post-title\" href=\"https:\/\/vasperviller.fr\/index.php\/2021\/07\/31\/petanque-et-peche\/\">P\u00e9tanque et p\u00eache!<\/a><time datetime=\"2021-07-31T20:13:02+02:00\" class=\"wp-block-latest-posts__post-date\">31 juillet 2021<\/time><div class=\"wp-block-latest-posts__post-excerpt\">VASPER-LOISIRS Apr\u00e8s plusieurs mois sans activit\u00e9s suite \u00e0 l\u2019\u00e9pid\u00e9mie de covid 19, nous avons d\u00e9cid\u00e9 de red\u00e9marrer quelques activit\u00e9s.&nbsp; A savoir le 29 ao\u00fbt 2021, nous organiserons le concours de p\u00e9tanque. Les inscriptions seront prises de 9H30 \u00e0 10H et le concours d\u00e9butera vers 10H15. Les doublettes seront tir\u00e9es au sort. Le co\u00fbt de l\u2019inscription sera de 3\u20ac par joueur. A midi l\u2019association offrira l\u2019ap\u00e9ritif (n\u2019oubliez pas d\u2019apporter vos gobelets) et les barbecues seront allum\u00e9s et mis \u00e0 disposition pour&#8230;<p class=\"read-more\"><a class=\"btn btn-default\" href=\"https:\/\/vasperviller.fr\/index.php\/2021\/07\/31\/petanque-et-peche\/\">Lire la suite<span class=\"screen-reader-text\"> Lire la suite<\/span><\/a><\/p><\/div><\/li>\n<li><a class=\"wp-block-latest-posts__post-title\" href=\"https:\/\/vasperviller.fr\/index.php\/2020\/03\/18\/liste-des-manifestations-organisees-par-lassociation-vasper-loisirs-pour-cette-annee-2020\/\">Liste des manifestations organis\u00e9es par l&rsquo;association VASPER-LOISIRS pour cette ann\u00e9e 2020<\/a><time datetime=\"2020-03-18T15:46:34+01:00\" class=\"wp-block-latest-posts__post-date\">18 mars 2020<\/time><div class=\"wp-block-latest-posts__post-excerpt\">Nouveau : afin de diminuer les consommations de papiers le comit\u00e9 a d\u00e9cid\u00e9 en accord avec M le maire de communiquer par de liais du bulletin mensuel de la mairie. De ce fait vous trouverez la liste pour toute l&rsquo;ann\u00e9e et un rappel sera fait sur le bulletin mensuel pr\u00e9c\u00e9dent chaque manifestation. 7 mars : Loto 1 juin : marche 28 juin : p\u00e9tanque 4 juillet : f\u00eate du village 30 ao\u00fbt : p\u00e9tanque 20 septembre : journ\u00e9e p\u00e8che Les&#8230;<p class=\"read-more\"><a class=\"btn btn-default\" href=\"https:\/\/vasperviller.fr\/index.php\/2020\/03\/18\/liste-des-manifestations-organisees-par-lassociation-vasper-loisirs-pour-cette-annee-2020\/\">Lire la suite<span class=\"screen-reader-text\"> Lire la suite<\/span><\/a><\/p><\/div><\/li>\n<li><a class=\"wp-block-latest-posts__post-title\" href=\"https:\/\/vasperviller.fr\/index.php\/2019\/11\/27\/72\/\">Assembl\u00e9e g\u00e9n\u00e9rale VasperLoisir 2019<\/a><time datetime=\"2019-11-27T09:28:48+01:00\" class=\"wp-block-latest-posts__post-date\">27 novembre 2019<\/time><div class=\"wp-block-latest-posts__post-excerpt\">Pr\u00e9sentation de l\u2019assembl\u00e9e g\u00e9n\u00e9rale annuelle de l&rsquo;association VasperLoisir. (Pour visionner ce document vous devez imp\u00e9rativement \u00eatre sur la page de l&rsquo;article en question) Assembl\u00e9e g\u00e9n\u00e9rale VasperLoisir 2019<\/div><\/li>\n<\/ul>\n\n\n<p><\/p>\n","protected":false},"excerpt":{"rendered":"<p>R\u00e9f\u00e9rent : Franck CARABIN<\/p>\n","protected":false},"author":2,"featured_media":0,"parent":0,"menu_order":0,"comment_status":"closed","ping_status":"closed","template":"","meta":{"footnotes":""},"class_list":["post-14","page","type-page","status-publish","hentry"],"yoast_head":"<!-- This site is optimized with the Yoast SEO plugin v23.6 - https:\/\/yoast.com\/wordpress\/plugins\/seo\/ -->\n<title>VasperLoisir - Vasperviller<\/title>\n<meta name=\"robots\" content=\"index, follow, max-snippet:-1, max-image-preview:large, max-video-preview:-1\" \/>\n<link rel=\"canonical\" href=\"https:\/\/vasperviller.fr\/index.php\/vasperloisir\/\" \/>\n<meta property=\"og:locale\" content=\"fr_FR\" \/>\n<meta property=\"og:type\" content=\"article\" \/>\n<meta property=\"og:title\" content=\"VasperLoisir - Vasperviller\" \/>\n<meta property=\"og:description\" content=\"R\u00e9f\u00e9rent : Franck CARABIN\" \/>\n<meta property=\"og:url\" content=\"https:\/\/vasperviller.fr\/index.php\/vasperloisir\/\" \/>\n<meta property=\"og:site_name\" content=\"Vasperviller\" \/>\n<meta property=\"article:modified_time\" content=\"2020-08-11T09:42:26+00:00\" \/>\n<meta name=\"twitter:card\" content=\"summary_large_image\" \/>\n<script type=\"application\/ld+json\" class=\"yoast-schema-graph\">{\"@context\":\"https:\/\/schema.org\",\"@graph\":[{\"@type\":\"WebPage\",\"@id\":\"https:\/\/vasperviller.fr\/index.php\/vasperloisir\/\",\"url\":\"https:\/\/vasperviller.fr\/index.php\/vasperloisir\/\",\"name\":\"VasperLoisir - Vasperviller\",\"isPartOf\":{\"@id\":\"https:\/\/vasperviller.fr\/#website\"},\"datePublished\":\"2019-11-15T20:16:11+00:00\",\"dateModified\":\"2020-08-11T09:42:26+00:00\",\"breadcrumb\":{\"@id\":\"https:\/\/vasperviller.fr\/index.php\/vasperloisir\/#breadcrumb\"},\"inLanguage\":\"fr-FR\",\"potentialAction\":[{\"@type\":\"ReadAction\",\"target\":[\"https:\/\/vasperviller.fr\/index.php\/vasperloisir\/\"]}]},{\"@type\":\"BreadcrumbList\",\"@id\":\"https:\/\/vasperviller.fr\/index.php\/vasperloisir\/#breadcrumb\",\"itemListElement\":[{\"@type\":\"ListItem\",\"position\":1,\"name\":\"Accueil\",\"item\":\"https:\/\/vasperviller.fr\/\"},{\"@type\":\"ListItem\",\"position\":2,\"name\":\"VasperLoisir\"}]},{\"@type\":\"WebSite\",\"@id\":\"https:\/\/vasperviller.fr\/#website\",\"url\":\"https:\/\/vasperviller.fr\/\",\"name\":\"Vasperviller\",\"description\":\"Village 2.0\",\"potentialAction\":[{\"@type\":\"SearchAction\",\"target\":{\"@type\":\"EntryPoint\",\"urlTemplate\":\"https:\/\/vasperviller.fr\/?s={search_term_string}\"},\"query-input\":{\"@type\":\"PropertyValueSpecification\",\"valueRequired\":true,\"valueName\":\"search_term_string\"}}],\"inLanguage\":\"fr-FR\"}]}<\/script>\n<!-- \/ Yoast SEO plugin. -->","yoast_head_json":{"title":"VasperLoisir - Vasperviller","robots":{"index":"index","follow":"follow","max-snippet":"max-snippet:-1","max-image-preview":"max-image-preview:large","max-video-preview":"max-video-preview:-1"},"canonical":"https:\/\/vasperviller.fr\/index.php\/vasperloisir\/","og_locale":"fr_FR","og_type":"article","og_title":"VasperLoisir - Vasperviller","og_description":"R\u00e9f\u00e9rent : Franck CARABIN","og_url":"https:\/\/vasperviller.fr\/index.php\/vasperloisir\/","og_site_name":"Vasperviller","article_modified_time":"2020-08-11T09:42:26+00:00","twitter_card":"summary_large_image","schema":{"@context":"https:\/\/schema.org","@graph":[{"@type":"WebPage","@id":"https:\/\/vasperviller.fr\/index.php\/vasperloisir\/","url":"https:\/\/vasperviller.fr\/index.php\/vasperloisir\/","name":"VasperLoisir - Vasperviller","isPartOf":{"@id":"https:\/\/vasperviller.fr\/#website"},"datePublished":"2019-11-15T20:16:11+00:00","dateModified":"2020-08-11T09:42:26+00:00","breadcrumb":{"@id":"https:\/\/vasperviller.fr\/index.php\/vasperloisir\/#breadcrumb"},"inLanguage":"fr-FR","potentialAction":[{"@type":"ReadAction","target":["https:\/\/vasperviller.fr\/index.php\/vasperloisir\/"]}]},{"@type":"BreadcrumbList","@id":"https:\/\/vasperviller.fr\/index.php\/vasperloisir\/#breadcrumb","itemListElement":[{"@type":"ListItem","position":1,"name":"Accueil","item":"https:\/\/vasperviller.fr\/"},{"@type":"ListItem","position":2,"name":"VasperLoisir"}]},{"@type":"WebSite","@id":"https:\/\/vasperviller.fr\/#website","url":"https:\/\/vasperviller.fr\/","name":"Vasperviller","description":"Village 2.0","potentialAction":[{"@type":"SearchAction","target":{"@type":"EntryPoint","urlTemplate":"https:\/\/vasperviller.fr\/?s={search_term_string}"},"query-input":{"@type":"PropertyValueSpecification","valueRequired":true,"valueName":"search_term_string"}}],"inLanguage":"fr-FR"}]}},"_links":{"self":[{"href":"https:\/\/vasperviller.fr\/index.php\/wp-json\/wp\/v2\/pages\/14"}],"collection":[{"href":"https:\/\/vasperviller.fr\/index.php\/wp-json\/wp\/v2\/pages"}],"about":[{"href":"https:\/\/vasperviller.fr\/index.php\/wp-json\/wp\/v2\/types\/page"}],"author":[{"embeddable":true,"href":"https:\/\/vasperviller.fr\/index.php\/wp-json\/wp\/v2\/users\/2"}],"replies":[{"embeddable":true,"href":"https:\/\/vasperviller.fr\/index.php\/wp-json\/wp\/v2\/comments?post=14"}],"version-history":[{"count":7,"href":"https:\/\/vasperviller.fr\/index.php\/wp-json\/wp\/v2\/pages\/14\/revisions"}],"predecessor-version":[{"id":266,"href":"https:\/\/vasperviller.fr\/index.php\/wp-json\/wp\/v2\/pages\/14\/revisions\/266"}],"wp:attachment":[{"href":"https:\/\/vasperviller.fr\/index.php\/wp-json\/wp\/v2\/media?parent=14"}],"curies":[{"name":"wp","href":"https:\/\/api.w.org\/{rel}","templated":true}]}}